{"id":10,"date":"2014-01-15T10:57:33","date_gmt":"2014-01-15T10:57:33","guid":{"rendered":"http:\/\/fempunkter.net\/sorteringsguiden\/?page_id=10"},"modified":"2014-01-23T11:00:40","modified_gmt":"2014-01-23T10:00:40","slug":"karta","status":"publish","type":"page","link":"https:\/\/sortering.nu\/nassjo\/karta\/","title":{"rendered":"Hitta till Boda"},"content":{"rendered":"<div class=\"google-maps\">\n<iframe loading=\"lazy\" width=\"425\" height=\"270\" frameborder=\"0\" scrolling=\"no\" marginheight=\"0\" marginwidth=\"0\" src=\"https:\/\/www.google.se\/maps\/ms?msa=0&amp;msid=211493423582307826489.0004f09ff5e2551205973&amp;ie=UTF8&amp;t=m&amp;ll=57.654402,14.689064&amp;spn=0.049595,0.146255&amp;z=12&amp;output=embed\"><\/iframe><\/div>\n<p><small>Visa <a href=\"https:\/\/www.google.se\/maps\/ms?msa=0&amp;msid=211493423582307826489.0004f09ff5e2551205973&amp;ie=UTF8&amp;t=m&amp;ll=57.654402,14.689064&amp;spn=0.049595,0.146255&amp;z=12&amp;source=embed\" style=\"color:#0000FF;text-align:left\">Boda avfallsanl\u00e4ggning<\/a> p\u00e5 en st\u00f6rre karta<\/small><\/p>\n","protected":false},"excerpt":{"rendered":"<p>Visa Boda avfallsanl\u00e4ggning p\u00e5 en st\u00f6rre karta<\/p>\n","protected":false},"author":1,"featured_media":0,"parent":0,"menu_order":0,"comment_status":"closed","ping_status":"closed","template":"","meta":{"footnotes":""},"class_list":["post-10","page","type-page","status-publish","hentry"],"_links":{"self":[{"href":"https:\/\/sortering.nu\/nassjo\/wp-json\/wp\/v2\/pages\/10","targetHints":{"allow":["GET"]}}],"collection":[{"href":"https:\/\/sortering.nu\/nassjo\/wp-json\/wp\/v2\/pages"}],"about":[{"href":"https:\/\/sortering.nu\/nassjo\/wp-json\/wp\/v2\/types\/page"}],"author":[{"embeddable":true,"href":"https:\/\/sortering.nu\/nassjo\/wp-json\/wp\/v2\/users\/1"}],"replies":[{"embeddable":true,"href":"https:\/\/sortering.nu\/nassjo\/wp-json\/wp\/v2\/comments?post=10"}],"version-history":[{"count":4,"href":"https:\/\/sortering.nu\/nassjo\/wp-json\/wp\/v2\/pages\/10\/revisions"}],"predecessor-version":[{"id":41,"href":"https:\/\/sortering.nu\/nassjo\/wp-json\/wp\/v2\/pages\/10\/revisions\/41"}],"wp:attachment":[{"href":"https:\/\/sortering.nu\/nassjo\/wp-json\/wp\/v2\/media?parent=10"}],"curies":[{"name":"wp","href":"https:\/\/api.w.org\/{rel}","templated":true}]}}