{"id":12,"date":"2014-01-15T10:58:31","date_gmt":"2014-01-15T10:58:31","guid":{"rendered":"http:\/\/fempunkter.net\/sorteringsguiden\/?page_id=12"},"modified":"2022-03-24T11:12:18","modified_gmt":"2022-03-24T10:12:18","slug":"oppettider","status":"publish","type":"page","link":"https:\/\/sortering.nu\/nassjo\/oppettider\/","title":{"rendered":"\u00d6ppettider"},"content":{"rendered":"\n<table cellspacing=\"0\" cellpadding=\"2\">\n<tbody>\n<tr>\n<td valign=\"top\" width=\"25%\">\u00a0<\/td>\n<td valign=\"top\">\u00a0<\/td>\n<td valign=\"top\" width=\"25%\">\u00a0<\/td>\n<td valign=\"top\">\u00a0<\/td>\n<\/tr>\n<tr>\n\n\n<tr>\n<td valign=\"top\" width=\"25%\">Ordinarie<\/td>\n<td valign=\"top\">\u00f6ppettider<\/td>\n<td valign=\"top\" width=\"25%\">\u00a0<\/td>\n<td valign=\"top\">\u00a0<\/td>\n<\/tr>\n<tr>\n<td valign=\"top\" width=\"25%\">M\u00e5ndag &#8211; Tisdag<\/td>\n<td valign=\"top\">07.00 &#8211; 16.00<\/td>\n<td valign=\"top\" width=\"25%\">\u00a0<\/td>\n<td valign=\"top\">\u00a0<\/td>\n<\/tr>\n<tr>\n<td valign=\"top\">Onsdag<\/td>\n<td valign=\"top\">07.00 &#8211; 19.00<\/td>\n<td valign=\"top\">\u00a0<\/td>\n<td valign=\"top\">\u00a0<\/td>\n<\/tr>\n<tr>\n<td valign=\"top\">Torsdag &#8211; Fredag<\/td>\n<td valign=\"top\">07.00 &#8211; 16.00<\/td>\n<td valign=\"top\">\u00a0<\/td>\n<td valign=\"top\">\u00a0<\/td>\n<\/tr>\n<tr>\n<td valign=\"top\">L\u00f6rdag<\/td>\n<td valign=\"top\" width=\"25%\">09.00 &#8211; 14.00<\/td>\n<td valign=\"top\">\u00a0<\/td>\n<td valign=\"top\">\u00a0<\/td>\n<\/tr>\n<tr>\n<td valign=\"top\">\u00a0<\/td>\n<td valign=\"top\">\u00a0<\/td>\n<td valign=\"top\">\u00a0<\/td>\n<td valign=\"top\">\u00a0<\/td>\n<\/tr>\n<\/tbody>\n<\/table>\n<h3>Inf\u00f6r helgdagar och vid l\u00e5nghelger\u00a0samt vid underh\u00e5llsarbete\u00a0har vi \u00f6ppet enligt f\u00f6ljande:<\/h3>\n<table cellspacing=\"0\" cellpadding=\"2\">\n<tbody>\n<tr>\n<td valign=\"top\">Ny\u00e5rsdagen<\/td>\n<td valign=\"top\">St\u00e4ngt<\/td>\n<\/tr>\n<tr>\n<td valign=\"top\">Trettondagsafton<\/td>\n<td valign=\"top\">\u00d6ppet m\u00e5n-fre till 16.00<br \/>Vid l\u00f6rdag 09.00-14.00<\/td>\n<\/tr>\n<tr>\n<td valign=\"top\">Trettondagen<\/td>\n<td valign=\"top\">St\u00e4ngt<\/td>\n<\/tr>\n<tr>\n<td valign=\"top\">Sk\u00e4rtorsdagen f\u00f6re p\u00e5sk<\/td>\n<td valign=\"top\">\u00d6ppet enligt ordinarie tider<\/td>\n<\/tr>\n<tr>\n<td valign=\"top\">L\u00e5ngfredag, p\u00e5skafton, p\u00e5skdagen och annandag p\u00e5sk<\/td>\n<td valign=\"top\">St\u00e4ngt<\/td>\n<\/tr>\n<tr>\n<td valign=\"top\">Valborgsm\u00e4ssoafton<\/td>\n<td valign=\"top\">\u00d6ppet m\u00e5n-fre till 16.00<br \/>Vid l\u00f6rdag 09.00-14.00<\/td>\n<\/tr>\n<tr>\n<td valign=\"top\">F\u00f6rsta maj<\/td>\n<td valign=\"top\">St\u00e4ngt<\/td>\n<\/tr>\n<tr>\n<td valign=\"top\">Onsdagen f\u00f6re Kristihimmelf\u00e4rds dag<\/td>\n<td valign=\"top\">\u00d6ppet enligt ordinarie tider<\/td>\n<\/tr>\n<tr>\n<td valign=\"top\">Kristihimmelf\u00e4rds dag<\/td>\n<td valign=\"top\">St\u00e4ngt<\/td>\n<\/tr>\n<tr>\n<td valign=\"top\">Pingstafton<\/td>\n<td valign=\"top\">St\u00e4ngt<\/td>\n<\/tr>\n<tr>\n<td valign=\"top\">Nationaldagen, 6 juni<\/td>\n<td valign=\"top\">St\u00e4ngt<\/td>\n<\/tr>\n<tr>\n<td valign=\"top\">Torsdagen f\u00f6re midsommarafton<\/td>\n<td valign=\"top\">\u00d6ppet enligt ordinarie tider<\/td>\n<\/tr>\n<tr>\n<td valign=\"top\">Midsommarafton och midsommardagen<\/td>\n<td valign=\"top\">St\u00e4ngt<\/td>\n<\/tr>\n<tr>\n<td valign=\"top\">Fredagen f\u00f6re Alla helgons dag<\/td>\n<td valign=\"top\">\u00d6ppet enligt ordinarie tider<\/td>\n<\/tr>\n<tr>\n<td valign=\"top\">Alla helgons dag<\/td>\n<td valign=\"top\">St\u00e4ngt<\/td>\n<\/tr>\n<tr>\n<td valign=\"top\">Dag f\u00f6re julafton, 23 december<\/td>\n<td valign=\"top\">\u00d6ppet enligt ordinarie tider<\/td>\n<\/tr>\n<tr>\n<td valign=\"top\">Julafton, juldagen, annandag jul, 24-26 december<\/td>\n<td valign=\"top\">St\u00e4ngt<\/td>\n<\/tr>\n<tr>\n<td valign=\"top\">Dag f\u00f6re ny\u00e5rsafton, 30 december<\/td>\n<td valign=\"top\">\u00d6ppet enligt ordinarie tider<\/td>\n<\/tr>\n<tr>\n<td valign=\"top\">Ny\u00e5rsafton, 31 december<\/td>\n<td valign=\"top\">St\u00e4ngt<\/td>\n<\/tr>\n<\/tbody>\n<\/table>\n","protected":false},"excerpt":{"rendered":"<p>\u00a0 \u00a0 \u00a0 \u00a0 Ordinarie \u00f6ppettider \u00a0 \u00a0 M\u00e5ndag &#8211; Tisdag 07.00 &#8211; 16.00 \u00a0 \u00a0 Onsdag 07.00 &#8211; 19.00 \u00a0 \u00a0 Torsdag &#8211; Fredag 07.00 &#8211; 16.00 \u00a0 \u00a0 L\u00f6rdag 09.00 &#8211; 14.00 \u00a0 \u00a0 \u00a0 \u00a0 \u00a0 \u00a0 Inf\u00f6r helgdagar och vid l\u00e5nghelger\u00a0samt vid underh\u00e5llsarbete\u00a0har vi \u00f6ppet enligt f\u00f6ljande: Ny\u00e5rsdagen St\u00e4ngt Trettondagsafton \u00d6ppet [&hellip;]<\/p>\n","protected":false},"author":1,"featured_media":0,"parent":0,"menu_order":0,"comment_status":"closed","ping_status":"closed","template":"","meta":{"footnotes":""},"class_list":["post-12","page","type-page","status-publish","hentry"],"_links":{"self":[{"href":"https:\/\/sortering.nu\/nassjo\/wp-json\/wp\/v2\/pages\/12","targetHints":{"allow":["GET"]}}],"collection":[{"href":"https:\/\/sortering.nu\/nassjo\/wp-json\/wp\/v2\/pages"}],"about":[{"href":"https:\/\/sortering.nu\/nassjo\/wp-json\/wp\/v2\/types\/page"}],"author":[{"embeddable":true,"href":"https:\/\/sortering.nu\/nassjo\/wp-json\/wp\/v2\/users\/1"}],"replies":[{"embeddable":true,"href":"https:\/\/sortering.nu\/nassjo\/wp-json\/wp\/v2\/comments?post=12"}],"version-history":[{"count":5,"href":"https:\/\/sortering.nu\/nassjo\/wp-json\/wp\/v2\/pages\/12\/revisions"}],"predecessor-version":[{"id":695,"href":"https:\/\/sortering.nu\/nassjo\/wp-json\/wp\/v2\/pages\/12\/revisions\/695"}],"wp:attachment":[{"href":"https:\/\/sortering.nu\/nassjo\/wp-json\/wp\/v2\/media?parent=12"}],"curies":[{"name":"wp","href":"https:\/\/api.w.org\/{rel}","templated":true}]}}