{"id":12,"date":"2014-01-15T10:58:31","date_gmt":"2014-01-15T10:58:31","guid":{"rendered":"http:\/\/fempunkter.net\/sorteringsguiden\/?page_id=12"},"modified":"2024-11-26T09:16:08","modified_gmt":"2024-11-26T08:16:08","slug":"oppettider","status":"publish","type":"page","link":"https:\/\/sortering.nu\/tranas\/oppettider\/","title":{"rendered":"\u00d6ppettider"},"content":{"rendered":"<h4><strong>\u00d6ppettider p\u00e5 Norraby \u00e5tervinningscentral<\/strong><\/h4>\n<p>M\u00e5ndagar: 08.00 \u2013 19.00<br \/>\nTisdagar:\u00a0 \u00a007.00 &#8211; 16.00<br \/>\nOnsdagar: 07.00 \u2013 16.00<br \/>\nTorsdagar: 08.00 \u2013 19.00<br \/>\nFredagar:\u00a0 07.00 \u2013 16.00<br \/>\nL\u00f6rdagar:\u00a0 08.00 \u2013 15.00<br \/>\nS\u00f6ndagar: St\u00e4ngt<\/p>\n<p><strong>\u00d6ppettider till \u00e5terbruket eller \u00e4ndrade \u00f6ppettider bes\u00f6k v\u00e5r webbplats www.tranas.se<\/strong><\/p>\n<p>&nbsp;<\/p>\n","protected":false},"excerpt":{"rendered":"<p>\u00d6ppettider p\u00e5 Norraby \u00e5tervinningscentral M\u00e5ndagar: 08.00 \u2013 19.00 Tisdagar:\u00a0 \u00a007.00 &#8211; 16.00 Onsdagar: 07.00 \u2013 16.00 Torsdagar: 08.00 \u2013 19.00 Fredagar:\u00a0 07.00 \u2013 16.00 L\u00f6rdagar:\u00a0 08.00 \u2013 15.00 S\u00f6ndagar: St\u00e4ngt \u00d6ppettider till \u00e5terbruket eller \u00e4ndrade \u00f6ppettider bes\u00f6k v\u00e5r webbplats www.tranas.se &nbsp;<\/p>\n","protected":false},"author":1,"featured_media":0,"parent":0,"menu_order":0,"comment_status":"closed","ping_status":"closed","template":"","meta":{"footnotes":""},"class_list":["post-12","page","type-page","status-publish","hentry"],"_links":{"self":[{"href":"https:\/\/sortering.nu\/tranas\/wp-json\/wp\/v2\/pages\/12","targetHints":{"allow":["GET"]}}],"collection":[{"href":"https:\/\/sortering.nu\/tranas\/wp-json\/wp\/v2\/pages"}],"about":[{"href":"https:\/\/sortering.nu\/tranas\/wp-json\/wp\/v2\/types\/page"}],"author":[{"embeddable":true,"href":"https:\/\/sortering.nu\/tranas\/wp-json\/wp\/v2\/users\/1"}],"replies":[{"embeddable":true,"href":"https:\/\/sortering.nu\/tranas\/wp-json\/wp\/v2\/comments?post=12"}],"version-history":[{"count":5,"href":"https:\/\/sortering.nu\/tranas\/wp-json\/wp\/v2\/pages\/12\/revisions"}],"predecessor-version":[{"id":2142,"href":"https:\/\/sortering.nu\/tranas\/wp-json\/wp\/v2\/pages\/12\/revisions\/2142"}],"wp:attachment":[{"href":"https:\/\/sortering.nu\/tranas\/wp-json\/wp\/v2\/media?parent=12"}],"curies":[{"name":"wp","href":"https:\/\/api.w.org\/{rel}","templated":true}]}}